{"id":96,"date":"2022-09-08T09:35:29","date_gmt":"2022-09-08T09:35:29","guid":{"rendered":"https:\/\/sugarcactus.fr\/?post_type=product&#038;p=96"},"modified":"2025-10-12T12:08:04","modified_gmt":"2025-10-12T12:08:04","slug":"brosse-bebe","status":"publish","type":"product","link":"https:\/\/sugarcactus.fr\/?product=brosse-bebe","title":{"rendered":"Brosse b\u00e9b\u00e9"},"content":{"rendered":"<ul>\n<li>Mati\u00e8re : Bois<\/li>\n<li>Taille : 15 cm de longueur<\/li>\n<li>Information compl\u00e9mentaire : cette jolie brosse aux poils doux ne blessera pas la peau de b\u00e9b\u00e9<\/li>\n<\/ul>\n","protected":false},"excerpt":{"rendered":"<p style=\"text-align: left\">Cadeau unique pour une naissance, un moiniversaire, une annonce de grossesse&#8230;\u00a0 Laissez place \u00e0 votre imagination afin de personnaliser la brosse de b\u00e9b\u00e9 avec son pr\u00e9nom, surnom, sa date ou son heure de naissance.<\/p>\n<p> <a class=\"more-link\" href=\"https:\/\/sugarcactus.fr\/?product=brosse-bebe\">Lire la suite<\/a><\/p>","protected":false},"featured_media":398,"comment_status":"open","ping_status":"closed","template":"","meta":[],"product_brand":[],"product_cat":[20],"product_tag":[],"class_list":{"0":"post-96","1":"product","2":"type-product","3":"status-publish","4":"has-post-thumbnail","6":"product_cat-les-accessoires","8":"first","9":"instock","10":"shipping-taxable","11":"purchasable","12":"product-type-variable"},"jetpack_sharing_enabled":true,"_links":{"self":[{"href":"https:\/\/sugarcactus.fr\/index.php?rest_route=\/wp\/v2\/product\/96","targetHints":{"allow":["GET"]}}],"collection":[{"href":"https:\/\/sugarcactus.fr\/index.php?rest_route=\/wp\/v2\/product"}],"about":[{"href":"https:\/\/sugarcactus.fr\/index.php?rest_route=\/wp\/v2\/types\/product"}],"replies":[{"embeddable":true,"href":"https:\/\/sugarcactus.fr\/index.php?rest_route=%2Fwp%2Fv2%2Fcomments&post=96"}],"wp:featuredmedia":[{"embeddable":true,"href":"https:\/\/sugarcactus.fr\/index.php?rest_route=\/wp\/v2\/media\/398"}],"wp:attachment":[{"href":"https:\/\/sugarcactus.fr\/index.php?rest_route=%2Fwp%2Fv2%2Fmedia&parent=96"}],"wp:term":[{"taxonomy":"product_brand","embeddable":true,"href":"https:\/\/sugarcactus.fr\/index.php?rest_route=%2Fwp%2Fv2%2Fproduct_brand&post=96"},{"taxonomy":"product_cat","embeddable":true,"href":"https:\/\/sugarcactus.fr\/index.php?rest_route=%2Fwp%2Fv2%2Fproduct_cat&post=96"},{"taxonomy":"product_tag","embeddable":true,"href":"https:\/\/sugarcactus.fr\/index.php?rest_route=%2Fwp%2Fv2%2Fproduct_tag&post=96"}],"curies":[{"name":"wp","href":"https:\/\/api.w.org\/{rel}","templated":true}]}}