{"id":91,"date":"2022-09-08T09:19:46","date_gmt":"2022-09-08T09:19:46","guid":{"rendered":"https:\/\/sugarcactus.fr\/?post_type=product&#038;p=91"},"modified":"2025-10-04T11:40:44","modified_gmt":"2025-10-04T11:40:44","slug":"cape-de-bain","status":"publish","type":"product","link":"https:\/\/sugarcactus.fr\/?product=cape-de-bain","title":{"rendered":"Cape de bain"},"content":{"rendered":"<ul>\n<li>Tissu : 100% coton biologique<\/li>\n<li>Taille : 75 x 75 cm<\/li>\n<li>Information compl\u00e9mentaire : \u00e0 capuchon<\/li>\n<li>Indication : lavage \u00e0 30 max, s\u00e8che linge d\u00e9conseill\u00e9, pas de repassage sur la personnalisation !<\/li>\n<\/ul>\n","protected":false},"excerpt":{"rendered":"<p style=\"text-align: left\">Cadeau unique pour une naissance, un moiniversaire, une annonce de grossesse\u00a0 Laissez place \u00e0 votre imagination afin de personnaliser la cape de bain de b\u00e9b\u00e9 avec son pr\u00e9nom, surnom, sa date ou son heure de naissance.<\/p>\n<p> <a class=\"more-link\" href=\"https:\/\/sugarcactus.fr\/?product=cape-de-bain\">Lire la suite<\/a><\/p>","protected":false},"featured_media":83,"comment_status":"open","ping_status":"closed","template":"","meta":[],"product_brand":[],"product_cat":[20,19],"product_tag":[],"class_list":{"0":"post-91","1":"product","2":"type-product","3":"status-publish","4":"has-post-thumbnail","6":"product_cat-les-accessoires","7":"product_cat-les-vetements","9":"first","10":"instock","11":"shipping-taxable","12":"purchasable","13":"product-type-variable"},"jetpack_sharing_enabled":true,"_links":{"self":[{"href":"https:\/\/sugarcactus.fr\/index.php?rest_route=\/wp\/v2\/product\/91","targetHints":{"allow":["GET"]}}],"collection":[{"href":"https:\/\/sugarcactus.fr\/index.php?rest_route=\/wp\/v2\/product"}],"about":[{"href":"https:\/\/sugarcactus.fr\/index.php?rest_route=\/wp\/v2\/types\/product"}],"replies":[{"embeddable":true,"href":"https:\/\/sugarcactus.fr\/index.php?rest_route=%2Fwp%2Fv2%2Fcomments&post=91"}],"wp:featuredmedia":[{"embeddable":true,"href":"https:\/\/sugarcactus.fr\/index.php?rest_route=\/wp\/v2\/media\/83"}],"wp:attachment":[{"href":"https:\/\/sugarcactus.fr\/index.php?rest_route=%2Fwp%2Fv2%2Fmedia&parent=91"}],"wp:term":[{"taxonomy":"product_brand","embeddable":true,"href":"https:\/\/sugarcactus.fr\/index.php?rest_route=%2Fwp%2Fv2%2Fproduct_brand&post=91"},{"taxonomy":"product_cat","embeddable":true,"href":"https:\/\/sugarcactus.fr\/index.php?rest_route=%2Fwp%2Fv2%2Fproduct_cat&post=91"},{"taxonomy":"product_tag","embeddable":true,"href":"https:\/\/sugarcactus.fr\/index.php?rest_route=%2Fwp%2Fv2%2Fproduct_tag&post=91"}],"curies":[{"name":"wp","href":"https:\/\/api.w.org\/{rel}","templated":true}]}}