{"id":435,"date":"2023-11-14T20:51:15","date_gmt":"2023-11-14T20:51:15","guid":{"rendered":"https:\/\/sugarcactus.fr\/?post_type=product&#038;p=435"},"modified":"2024-12-08T21:34:44","modified_gmt":"2024-12-08T21:34:44","slug":"pochon-damour-2","status":"publish","type":"product","link":"https:\/\/sugarcactus.fr\/?product=pochon-damour-2","title":{"rendered":"Pochon de No\u00ebl"},"content":{"rendered":"<ul>\n<li>Tissu : 100% coton biologique<\/li>\n<li>Information compl\u00e9mentaire : Tissu bio non teint\u00e9 non blanchi<\/li>\n<li>Indication : lavage \u00e0 30 max, s\u00e8che linge d\u00e9conseill\u00e9, pas de repassage sur la personnalisation !<\/li>\n<\/ul>\n","protected":false},"excerpt":{"rendered":"<p style=\"text-align: left\">Pour un No\u00ebl encore plus magique, marquez le coup en offrant vos cadeaux dans ce magnifique pochon personnalis\u00e9. Votre cadeau se d\u00e9marquera \u00e0 coup s\u00fbr ET il sera \u00e9cologiquement plus responsable \u2728<\/p>\n<p> <a class=\"more-link\" href=\"https:\/\/sugarcactus.fr\/?product=pochon-damour-2\">Lire la suite<\/a><\/p>","protected":false},"featured_media":436,"comment_status":"open","ping_status":"closed","template":"","meta":[],"product_brand":[],"product_cat":[20,19],"product_tag":[],"class_list":{"0":"post-435","1":"product","2":"type-product","3":"status-publish","4":"has-post-thumbnail","6":"product_cat-les-accessoires","7":"product_cat-les-vetements","9":"first","10":"instock","11":"shipping-taxable","12":"purchasable","13":"product-type-variable"},"jetpack_sharing_enabled":true,"_links":{"self":[{"href":"https:\/\/sugarcactus.fr\/index.php?rest_route=\/wp\/v2\/product\/435","targetHints":{"allow":["GET"]}}],"collection":[{"href":"https:\/\/sugarcactus.fr\/index.php?rest_route=\/wp\/v2\/product"}],"about":[{"href":"https:\/\/sugarcactus.fr\/index.php?rest_route=\/wp\/v2\/types\/product"}],"replies":[{"embeddable":true,"href":"https:\/\/sugarcactus.fr\/index.php?rest_route=%2Fwp%2Fv2%2Fcomments&post=435"}],"wp:featuredmedia":[{"embeddable":true,"href":"https:\/\/sugarcactus.fr\/index.php?rest_route=\/wp\/v2\/media\/436"}],"wp:attachment":[{"href":"https:\/\/sugarcactus.fr\/index.php?rest_route=%2Fwp%2Fv2%2Fmedia&parent=435"}],"wp:term":[{"taxonomy":"product_brand","embeddable":true,"href":"https:\/\/sugarcactus.fr\/index.php?rest_route=%2Fwp%2Fv2%2Fproduct_brand&post=435"},{"taxonomy":"product_cat","embeddable":true,"href":"https:\/\/sugarcactus.fr\/index.php?rest_route=%2Fwp%2Fv2%2Fproduct_cat&post=435"},{"taxonomy":"product_tag","embeddable":true,"href":"https:\/\/sugarcactus.fr\/index.php?rest_route=%2Fwp%2Fv2%2Fproduct_tag&post=435"}],"curies":[{"name":"wp","href":"https:\/\/api.w.org\/{rel}","templated":true}]}}