{"id":351,"date":"2023-03-29T11:41:06","date_gmt":"2023-03-29T11:41:06","guid":{"rendered":"https:\/\/sugarcactus.fr\/?post_type=product&#038;p=351"},"modified":"2024-12-31T02:43:19","modified_gmt":"2024-12-31T02:43:19","slug":"tee-shirt-enfant","status":"publish","type":"product","link":"https:\/\/sugarcactus.fr\/?product=tee-shirt-enfant","title":{"rendered":"Tee-shirt Enfant"},"content":{"rendered":"<ul>\n<li>Tissu : 100% coton<\/li>\n<li>Information compl\u00e9mentaire : Certifi\u00e9 OEKO-TEX<\/li>\n<li>Indication : Lavage \u00e0 30 max, s\u00e8che linge d\u00e9conseill\u00e9, pas de repassage sur la personnalisation !<\/li>\n<\/ul>\n","protected":false},"excerpt":{"rendered":"<p style=\"text-align: left\">Cadeau unique pour un anniversaire, une rentr\u00e9e scolaire ou tout simplement une super surprise&#8230;\u00a0 Laissez place \u00e0 votre imagination afin de personnaliser le tee-shirt de votre chouchou avec son pr\u00e9nom, surnom, sa date ou son heure de naissance.<\/p>\n<p> <a class=\"more-link\" href=\"https:\/\/sugarcactus.fr\/?product=tee-shirt-enfant\">Lire la suite<\/a><\/p>","protected":false},"featured_media":413,"comment_status":"open","ping_status":"closed","template":"","meta":[],"product_brand":[],"product_cat":[19],"product_tag":[],"class_list":{"0":"post-351","1":"product","2":"type-product","3":"status-publish","4":"has-post-thumbnail","6":"product_cat-les-vetements","8":"first","9":"instock","10":"shipping-taxable","11":"purchasable","12":"product-type-variable","13":"has-default-attributes"},"jetpack_sharing_enabled":true,"_links":{"self":[{"href":"https:\/\/sugarcactus.fr\/index.php?rest_route=\/wp\/v2\/product\/351","targetHints":{"allow":["GET"]}}],"collection":[{"href":"https:\/\/sugarcactus.fr\/index.php?rest_route=\/wp\/v2\/product"}],"about":[{"href":"https:\/\/sugarcactus.fr\/index.php?rest_route=\/wp\/v2\/types\/product"}],"replies":[{"embeddable":true,"href":"https:\/\/sugarcactus.fr\/index.php?rest_route=%2Fwp%2Fv2%2Fcomments&post=351"}],"wp:featuredmedia":[{"embeddable":true,"href":"https:\/\/sugarcactus.fr\/index.php?rest_route=\/wp\/v2\/media\/413"}],"wp:attachment":[{"href":"https:\/\/sugarcactus.fr\/index.php?rest_route=%2Fwp%2Fv2%2Fmedia&parent=351"}],"wp:term":[{"taxonomy":"product_brand","embeddable":true,"href":"https:\/\/sugarcactus.fr\/index.php?rest_route=%2Fwp%2Fv2%2Fproduct_brand&post=351"},{"taxonomy":"product_cat","embeddable":true,"href":"https:\/\/sugarcactus.fr\/index.php?rest_route=%2Fwp%2Fv2%2Fproduct_cat&post=351"},{"taxonomy":"product_tag","embeddable":true,"href":"https:\/\/sugarcactus.fr\/index.php?rest_route=%2Fwp%2Fv2%2Fproduct_tag&post=351"}],"curies":[{"name":"wp","href":"https:\/\/api.w.org\/{rel}","templated":true}]}}