{"id":326,"date":"2023-02-12T20:16:22","date_gmt":"2023-02-12T20:16:22","guid":{"rendered":"https:\/\/sugarcactus.fr\/?post_type=product&#038;p=326"},"modified":"2024-01-24T21:03:10","modified_gmt":"2024-01-24T21:03:10","slug":"decoration-murale-arc-en-ciel","status":"publish","type":"product","link":"https:\/\/sugarcactus.fr\/?product=decoration-murale-arc-en-ciel","title":{"rendered":"D\u00e9coration murale Arc-en-ciel"},"content":{"rendered":"<ul>\n<li>Tissu : 100% coton et bois<\/li>\n<li>Information compl\u00e9mentaire : 30 cm X 30 cm<\/li>\n<li>Indication : Lavage \u00e0 froid, pas de repassage sur la personnalisation !<\/li>\n<\/ul>\n","protected":false},"excerpt":{"rendered":"<p style=\"text-align: left\">Cadeau unique pour une naissance, un moiniversaire, une annonce de grossesse\u2026\u00a0 Laissez place \u00e0 votre imagination afin de personnaliser cette magnifique d\u00e9coration pour la chambre de b\u00e9b\u00e9 avec son pr\u00e9nom, surnom, sa date de naissance\u2026<\/p>\n<p> <a class=\"more-link\" href=\"https:\/\/sugarcactus.fr\/?product=decoration-murale-arc-en-ciel\">Lire la suite<\/a><\/p>","protected":false},"featured_media":331,"comment_status":"open","ping_status":"closed","template":"","meta":[],"product_brand":[],"product_cat":[20],"product_tag":[],"class_list":{"0":"post-326","1":"product","2":"type-product","3":"status-publish","4":"has-post-thumbnail","6":"product_cat-les-accessoires","8":"first","9":"outofstock","10":"shipping-taxable","11":"purchasable","12":"product-type-variable"},"jetpack_sharing_enabled":true,"_links":{"self":[{"href":"https:\/\/sugarcactus.fr\/index.php?rest_route=\/wp\/v2\/product\/326","targetHints":{"allow":["GET"]}}],"collection":[{"href":"https:\/\/sugarcactus.fr\/index.php?rest_route=\/wp\/v2\/product"}],"about":[{"href":"https:\/\/sugarcactus.fr\/index.php?rest_route=\/wp\/v2\/types\/product"}],"replies":[{"embeddable":true,"href":"https:\/\/sugarcactus.fr\/index.php?rest_route=%2Fwp%2Fv2%2Fcomments&post=326"}],"wp:featuredmedia":[{"embeddable":true,"href":"https:\/\/sugarcactus.fr\/index.php?rest_route=\/wp\/v2\/media\/331"}],"wp:attachment":[{"href":"https:\/\/sugarcactus.fr\/index.php?rest_route=%2Fwp%2Fv2%2Fmedia&parent=326"}],"wp:term":[{"taxonomy":"product_brand","embeddable":true,"href":"https:\/\/sugarcactus.fr\/index.php?rest_route=%2Fwp%2Fv2%2Fproduct_brand&post=326"},{"taxonomy":"product_cat","embeddable":true,"href":"https:\/\/sugarcactus.fr\/index.php?rest_route=%2Fwp%2Fv2%2Fproduct_cat&post=326"},{"taxonomy":"product_tag","embeddable":true,"href":"https:\/\/sugarcactus.fr\/index.php?rest_route=%2Fwp%2Fv2%2Fproduct_tag&post=326"}],"curies":[{"name":"wp","href":"https:\/\/api.w.org\/{rel}","templated":true}]}}