{"id":308,"date":"2023-02-02T22:21:30","date_gmt":"2023-02-02T22:21:30","guid":{"rendered":"https:\/\/sugarcactus.fr\/?post_type=product&#038;p=308"},"modified":"2025-01-29T12:21:16","modified_gmt":"2025-01-29T12:21:16","slug":"couverture-legere-en-jacquard","status":"publish","type":"product","link":"https:\/\/sugarcactus.fr\/?product=couverture-legere-en-jacquard","title":{"rendered":"Couverture l\u00e9g\u00e8re en Jacquard"},"content":{"rendered":"<ul>\n<li style=\"margin-top: 0;margin-bottom: 0;vertical-align: middle;color: #6f3637\"><span style=\"font-family: 'Century Gothic';font-size: 11.25pt;background: white\">Tissu : 100% coton<\/span><\/li>\n<li style=\"margin-top: 0;margin-bottom: 0;vertical-align: middle;color: #6f3637\"><span style=\"font-family: 'Century Gothic';font-size: 11.25pt;background: white\">Taille : 100 x 75 cm<\/span><\/li>\n<li style=\"margin-top: 0;margin-bottom: 0;vertical-align: middle;color: #6f3637\"><span style=\"font-family: 'Century Gothic';font-size: 11.25pt;background: white\">Indication : lavage \u00e0 30 max, s\u00e8che-linge d\u00e9conseill\u00e9, pas de repassage sur la personnalisation !<\/span><\/li>\n<\/ul>\n","protected":false},"excerpt":{"rendered":"<p style=\"margin: 0in;font-family: Calibri;font-size: 11.0pt\">Cadeau unique pour une naissance, un moiniversaire, une annonce de grossesse\u2026 Laissez place \u00e0 votre imagination afin de personnaliser la couverture de b\u00e9b\u00e9 avec son pr\u00e9nom, surnom, sa date ou son heure de naissance.<\/p>\n<p> <a class=\"more-link\" href=\"https:\/\/sugarcactus.fr\/?product=couverture-legere-en-jacquard\">Lire la suite<\/a><\/p>","protected":false},"featured_media":317,"comment_status":"open","ping_status":"closed","template":"","meta":[],"product_brand":[],"product_cat":[20,19],"product_tag":[],"class_list":{"0":"post-308","1":"product","2":"type-product","3":"status-publish","4":"has-post-thumbnail","6":"product_cat-les-accessoires","7":"product_cat-les-vetements","9":"first","10":"instock","11":"shipping-taxable","12":"purchasable","13":"product-type-variable"},"jetpack_sharing_enabled":true,"_links":{"self":[{"href":"https:\/\/sugarcactus.fr\/index.php?rest_route=\/wp\/v2\/product\/308","targetHints":{"allow":["GET"]}}],"collection":[{"href":"https:\/\/sugarcactus.fr\/index.php?rest_route=\/wp\/v2\/product"}],"about":[{"href":"https:\/\/sugarcactus.fr\/index.php?rest_route=\/wp\/v2\/types\/product"}],"replies":[{"embeddable":true,"href":"https:\/\/sugarcactus.fr\/index.php?rest_route=%2Fwp%2Fv2%2Fcomments&post=308"}],"wp:featuredmedia":[{"embeddable":true,"href":"https:\/\/sugarcactus.fr\/index.php?rest_route=\/wp\/v2\/media\/317"}],"wp:attachment":[{"href":"https:\/\/sugarcactus.fr\/index.php?rest_route=%2Fwp%2Fv2%2Fmedia&parent=308"}],"wp:term":[{"taxonomy":"product_brand","embeddable":true,"href":"https:\/\/sugarcactus.fr\/index.php?rest_route=%2Fwp%2Fv2%2Fproduct_brand&post=308"},{"taxonomy":"product_cat","embeddable":true,"href":"https:\/\/sugarcactus.fr\/index.php?rest_route=%2Fwp%2Fv2%2Fproduct_cat&post=308"},{"taxonomy":"product_tag","embeddable":true,"href":"https:\/\/sugarcactus.fr\/index.php?rest_route=%2Fwp%2Fv2%2Fproduct_tag&post=308"}],"curies":[{"name":"wp","href":"https:\/\/api.w.org\/{rel}","templated":true}]}}