{"id":232,"date":"2022-12-11T22:38:25","date_gmt":"2022-12-11T22:38:25","guid":{"rendered":"https:\/\/sugarcactus.fr\/?post_type=product&#038;p=232"},"modified":"2025-10-04T11:40:43","modified_gmt":"2025-10-04T11:40:43","slug":"attache-tetine","status":"publish","type":"product","link":"https:\/\/sugarcactus.fr\/?product=attache-tetine","title":{"rendered":"Attache t\u00e9tine"},"content":{"rendered":"<ul>\n<li>Tissu : 100% coton biologique<\/li>\n<li>Information compl\u00e9mentaire : Tissu bio non teint\u00e9 non blanchi<\/li>\n<li>Indication : Lavage \u00e0 froid, pas de repassage sur la personnalisation !<\/li>\n<\/ul>\n","protected":false},"excerpt":{"rendered":"<p style=\"text-align: left\">Cadeau unique pour une naissance, un moiniversaire, une annonce de grossesse&#8230;\u00a0 Laissez place \u00e0 votre imagination afin de personnaliser l&#8217;attache t\u00e9tine de b\u00e9b\u00e9 avec son pr\u00e9nom, surnom, sa date ou son heure de naissance.<\/p>\n<p> <a class=\"more-link\" href=\"https:\/\/sugarcactus.fr\/?product=attache-tetine\">Lire la suite<\/a><\/p>","protected":false},"featured_media":343,"comment_status":"open","ping_status":"closed","template":"","meta":[],"product_brand":[],"product_cat":[20],"product_tag":[],"class_list":{"0":"post-232","1":"product","2":"type-product","3":"status-publish","4":"has-post-thumbnail","6":"product_cat-les-accessoires","8":"first","9":"instock","10":"shipping-taxable","11":"purchasable","12":"product-type-variable"},"jetpack_sharing_enabled":true,"_links":{"self":[{"href":"https:\/\/sugarcactus.fr\/index.php?rest_route=\/wp\/v2\/product\/232","targetHints":{"allow":["GET"]}}],"collection":[{"href":"https:\/\/sugarcactus.fr\/index.php?rest_route=\/wp\/v2\/product"}],"about":[{"href":"https:\/\/sugarcactus.fr\/index.php?rest_route=\/wp\/v2\/types\/product"}],"replies":[{"embeddable":true,"href":"https:\/\/sugarcactus.fr\/index.php?rest_route=%2Fwp%2Fv2%2Fcomments&post=232"}],"wp:featuredmedia":[{"embeddable":true,"href":"https:\/\/sugarcactus.fr\/index.php?rest_route=\/wp\/v2\/media\/343"}],"wp:attachment":[{"href":"https:\/\/sugarcactus.fr\/index.php?rest_route=%2Fwp%2Fv2%2Fmedia&parent=232"}],"wp:term":[{"taxonomy":"product_brand","embeddable":true,"href":"https:\/\/sugarcactus.fr\/index.php?rest_route=%2Fwp%2Fv2%2Fproduct_brand&post=232"},{"taxonomy":"product_cat","embeddable":true,"href":"https:\/\/sugarcactus.fr\/index.php?rest_route=%2Fwp%2Fv2%2Fproduct_cat&post=232"},{"taxonomy":"product_tag","embeddable":true,"href":"https:\/\/sugarcactus.fr\/index.php?rest_route=%2Fwp%2Fv2%2Fproduct_tag&post=232"}],"curies":[{"name":"wp","href":"https:\/\/api.w.org\/{rel}","templated":true}]}}