{"id":172,"date":"2022-09-23T16:18:57","date_gmt":"2022-09-23T16:18:57","guid":{"rendered":"https:\/\/sugarcactus.fr\/?post_type=product&#038;p=172"},"modified":"2025-10-12T12:08:04","modified_gmt":"2025-10-12T12:08:04","slug":"pochon-damour","status":"publish","type":"product","link":"https:\/\/sugarcactus.fr\/?product=pochon-damour","title":{"rendered":"Pochon d&rsquo;amour"},"content":{"rendered":"<ul>\n<li>Tissu : 100% coton biologique<\/li>\n<li>Information compl\u00e9mentaire : Tissu bio non teint\u00e9 non blanchi<\/li>\n<li>Indication : lavage \u00e0 30 max, s\u00e8che linge d\u00e9conseill\u00e9, pas de repassage sur la personnalisation !<\/li>\n<\/ul>\n","protected":false},"excerpt":{"rendered":"<p style=\"text-align: left\">Indispensable pour conserver la tenue de naissance, cadeau unique pour un moiniversaire ou simplement pour sublimer votre surprise. Laissez place \u00e0 votre imagination afin de personnaliser le pochon de b\u00e9b\u00e9 avec son pr\u00e9nom.<\/p>\n<p> <a class=\"more-link\" href=\"https:\/\/sugarcactus.fr\/?product=pochon-damour\">Lire la suite<\/a><\/p>","protected":false},"featured_media":408,"comment_status":"open","ping_status":"closed","template":"","meta":[],"product_brand":[],"product_cat":[20,19],"product_tag":[],"class_list":{"0":"post-172","1":"product","2":"type-product","3":"status-publish","4":"has-post-thumbnail","6":"product_cat-les-accessoires","7":"product_cat-les-vetements","9":"first","10":"instock","11":"shipping-taxable","12":"purchasable","13":"product-type-variable"},"jetpack_sharing_enabled":true,"_links":{"self":[{"href":"https:\/\/sugarcactus.fr\/index.php?rest_route=\/wp\/v2\/product\/172","targetHints":{"allow":["GET"]}}],"collection":[{"href":"https:\/\/sugarcactus.fr\/index.php?rest_route=\/wp\/v2\/product"}],"about":[{"href":"https:\/\/sugarcactus.fr\/index.php?rest_route=\/wp\/v2\/types\/product"}],"replies":[{"embeddable":true,"href":"https:\/\/sugarcactus.fr\/index.php?rest_route=%2Fwp%2Fv2%2Fcomments&post=172"}],"wp:featuredmedia":[{"embeddable":true,"href":"https:\/\/sugarcactus.fr\/index.php?rest_route=\/wp\/v2\/media\/408"}],"wp:attachment":[{"href":"https:\/\/sugarcactus.fr\/index.php?rest_route=%2Fwp%2Fv2%2Fmedia&parent=172"}],"wp:term":[{"taxonomy":"product_brand","embeddable":true,"href":"https:\/\/sugarcactus.fr\/index.php?rest_route=%2Fwp%2Fv2%2Fproduct_brand&post=172"},{"taxonomy":"product_cat","embeddable":true,"href":"https:\/\/sugarcactus.fr\/index.php?rest_route=%2Fwp%2Fv2%2Fproduct_cat&post=172"},{"taxonomy":"product_tag","embeddable":true,"href":"https:\/\/sugarcactus.fr\/index.php?rest_route=%2Fwp%2Fv2%2Fproduct_tag&post=172"}],"curies":[{"name":"wp","href":"https:\/\/api.w.org\/{rel}","templated":true}]}}