{"id":155,"date":"2022-09-21T21:01:25","date_gmt":"2022-09-21T21:01:25","guid":{"rendered":"https:\/\/sugarcactus.fr\/?post_type=product&#038;p=155"},"modified":"2025-11-04T15:04:09","modified_gmt":"2025-11-04T15:04:09","slug":"affiche-naissance","status":"publish","type":"product","link":"https:\/\/sugarcactus.fr\/?product=affiche-naissance","title":{"rendered":"Affiche Naissance"},"content":{"rendered":"<ul>\n<li>Cadre : Bois<\/li>\n<li>Taille : Format A4<\/li>\n<\/ul>\n","protected":false},"excerpt":{"rendered":"<p style=\"text-align: left\">Cadeau unique pour une naissance ou un moiniversaire, laissez place \u00e0 votre imagination afin d&rsquo;immortaliser la venue de b\u00e9b\u00e9 au monde avec ce joli cadre en y inscrivant son pr\u00e9nom, la date, l&rsquo;heure, sa taille ainsi que son poids de naissance.<\/p>\n<p> <a class=\"more-link\" href=\"https:\/\/sugarcactus.fr\/?product=affiche-naissance\">Lire la suite<\/a><\/p>","protected":false},"featured_media":160,"comment_status":"open","ping_status":"closed","template":"","meta":[],"product_brand":[],"product_cat":[21],"product_tag":[],"class_list":{"0":"post-155","1":"product","2":"type-product","3":"status-publish","4":"has-post-thumbnail","6":"product_cat-les-affiches-naissance","8":"first","9":"instock","10":"shipping-taxable","11":"purchasable","12":"product-type-variable"},"jetpack_sharing_enabled":true,"_links":{"self":[{"href":"https:\/\/sugarcactus.fr\/index.php?rest_route=\/wp\/v2\/product\/155","targetHints":{"allow":["GET"]}}],"collection":[{"href":"https:\/\/sugarcactus.fr\/index.php?rest_route=\/wp\/v2\/product"}],"about":[{"href":"https:\/\/sugarcactus.fr\/index.php?rest_route=\/wp\/v2\/types\/product"}],"replies":[{"embeddable":true,"href":"https:\/\/sugarcactus.fr\/index.php?rest_route=%2Fwp%2Fv2%2Fcomments&post=155"}],"wp:featuredmedia":[{"embeddable":true,"href":"https:\/\/sugarcactus.fr\/index.php?rest_route=\/wp\/v2\/media\/160"}],"wp:attachment":[{"href":"https:\/\/sugarcactus.fr\/index.php?rest_route=%2Fwp%2Fv2%2Fmedia&parent=155"}],"wp:term":[{"taxonomy":"product_brand","embeddable":true,"href":"https:\/\/sugarcactus.fr\/index.php?rest_route=%2Fwp%2Fv2%2Fproduct_brand&post=155"},{"taxonomy":"product_cat","embeddable":true,"href":"https:\/\/sugarcactus.fr\/index.php?rest_route=%2Fwp%2Fv2%2Fproduct_cat&post=155"},{"taxonomy":"product_tag","embeddable":true,"href":"https:\/\/sugarcactus.fr\/index.php?rest_route=%2Fwp%2Fv2%2Fproduct_tag&post=155"}],"curies":[{"name":"wp","href":"https:\/\/api.w.org\/{rel}","templated":true}]}}